{"id":87,"date":"2019-07-04T13:08:28","date_gmt":"2019-07-04T13:08:28","guid":{"rendered":"http:\/\/hjlcar.com\/hjl\/?page_id=87"},"modified":"2019-07-08T14:22:10","modified_gmt":"2019-07-08T14:22:10","slug":"quem-somos","status":"publish","type":"page","link":"https:\/\/hjlcar.com\/hjl\/quem-somos\/","title":{"rendered":"QUEM SOMOS"},"content":{"rendered":"\n<p>A HJL Car Lda. \u00e9 uma\nempresa certificada que se dedica ao com\u00e9rcio Autom\u00f3vel.&nbsp;<\/p>\n\n\n\n<p>A Honestidade,\nTranspar\u00eancia e Confian\u00e7a s\u00e3o alguns dos Valores que nos caracterizam, onde o\nbem estar e o bom servi\u00e7o prestado aos nossos Clientes ser\u00e3o sempre a\nPrioridade, valores estes dos quais nos orgulhamos e nos esfor\u00e7amos para manter\ntodos os Dias.<\/p>\n\n\n\n<p>O nosso servi\u00e7o n\u00e3o se\nresume apenas ao servi\u00e7o de Venda, mas sim diferencia-se pelo servi\u00e7o que \u00e9\nprestado no Servi\u00e7o P\u00f3s-Venda.<\/p>\n\n\n\n<p>Adquira j\u00e1 o seu Autom\u00f3vel, Compre com Confian\u00e7a!\u00a0<\/p>\n\n\n\n<p>HJL Car Juntos Somos\nMais Fortes&nbsp;<\/p>\n","protected":false},"excerpt":{"rendered":"<p>A HJL Car Lda. \u00e9 uma empresa certificada que se dedica ao com\u00e9rcio Autom\u00f3vel.&nbsp; A Honestidade, Transpar\u00eancia e Confian\u00e7a s\u00e3o alguns dos Valores que nos caracterizam, onde o bem estar e o bom servi\u00e7o prestado aos nossos Clientes ser\u00e3o sempre a Prioridade, valores estes dos quais nos orgulhamos e nos [&hellip;]<\/p>\n","protected":false},"author":1,"featured_media":0,"parent":0,"menu_order":0,"comment_status":"closed","ping_status":"closed","template":"","meta":{"footnotes":""},"class_list":["post-87","page","type-page","status-publish","hentry"],"_links":{"self":[{"href":"https:\/\/hjlcar.com\/hjl\/wp-json\/wp\/v2\/pages\/87","targetHints":{"allow":["GET"]}}],"collection":[{"href":"https:\/\/hjlcar.com\/hjl\/wp-json\/wp\/v2\/pages"}],"about":[{"href":"https:\/\/hjlcar.com\/hjl\/wp-json\/wp\/v2\/types\/page"}],"author":[{"embeddable":true,"href":"https:\/\/hjlcar.com\/hjl\/wp-json\/wp\/v2\/users\/1"}],"replies":[{"embeddable":true,"href":"https:\/\/hjlcar.com\/hjl\/wp-json\/wp\/v2\/comments?post=87"}],"version-history":[{"count":3,"href":"https:\/\/hjlcar.com\/hjl\/wp-json\/wp\/v2\/pages\/87\/revisions"}],"predecessor-version":[{"id":170,"href":"https:\/\/hjlcar.com\/hjl\/wp-json\/wp\/v2\/pages\/87\/revisions\/170"}],"wp:attachment":[{"href":"https:\/\/hjlcar.com\/hjl\/wp-json\/wp\/v2\/media?parent=87"}],"curies":[{"name":"wp","href":"https:\/\/api.w.org\/{rel}","templated":true}]}}