{"id":112,"date":"2019-07-04T15:53:30","date_gmt":"2019-07-04T15:53:30","guid":{"rendered":"http:\/\/hjlcar.com\/hjl\/?page_id=112"},"modified":"2025-06-02T16:03:28","modified_gmt":"2025-06-02T16:03:28","slug":"horario","status":"publish","type":"page","link":"https:\/\/hjlcar.com\/hjl\/horario\/","title":{"rendered":"HOR\u00c1RIO"},"content":{"rendered":"\n<div class=\"wp-block-image\"><figure class=\"alignleft is-resized\"><img loading=\"lazy\" decoding=\"async\" src=\"https:\/\/hjlcar.com\/hjl\/wp-content\/uploads\/2019\/07\/Logo-1.jpg\" alt=\"\" class=\"wp-image-113\" width=\"411\" height=\"411\" srcset=\"https:\/\/hjlcar.com\/hjl\/wp-content\/uploads\/2019\/07\/Logo-1.jpg 670w, https:\/\/hjlcar.com\/hjl\/wp-content\/uploads\/2019\/07\/Logo-1-150x150.jpg 150w, https:\/\/hjlcar.com\/hjl\/wp-content\/uploads\/2019\/07\/Logo-1-300x300.jpg 300w\" sizes=\"auto, (max-width: 411px) 100vw, 411px\" \/><\/figure><\/div>\n\n\n\n<p>Autom\u00f3veis Nacionais e\nImportados&nbsp;<\/p>\n\n\n\n<p>Financiamento at\u00e9 120\nMeses sem Entrada Inicial&nbsp;<\/p>\n\n\n\n<p>Aceitamos\nRetomas&nbsp;<\/p>\n\n\n\n<p>Autom\u00f3veis com\nGarantia&nbsp;<\/p>\n\n\n\n<p><\/p>\n\n\n\n<p><\/p>\n\n\n\n<p>____________________________________________________<\/p>\n\n\n\n<p><strong>Abertos de Seg. a S\u00e1bado das 9:30 \u00e0s 19:30<\/strong><\/p>\n\n\n\n<p> <strong>Aos Domingos por Marca\u00e7\u00e3o<\/strong>&nbsp; <\/p>\n\n\n\n<p>Rua de Real, n\u00ba 31 EN105<\/p>\n\n\n\n<p>4780-537 Santo Tirso<\/p>\n\n\n\n<p><\/p>\n\n\n\n<p>Contactos: <strong>910397099 e 914209331<\/strong>&nbsp;<\/p>\n\n\n\n<p><a href=\"mailto:hjlcar@hotmail.com\">hjlcar@hotmail.com<\/a><\/p>\n","protected":false},"excerpt":{"rendered":"<p>Autom\u00f3veis Nacionais e Importados&nbsp; Financiamento at\u00e9 120 Meses sem Entrada Inicial&nbsp; Aceitamos Retomas&nbsp; Autom\u00f3veis com Garantia&nbsp; ____________________________________________________ Abertos de Seg. a S\u00e1bado das 9:30 \u00e0s 19:30 Aos Domingos por Marca\u00e7\u00e3o&nbsp; Rua de Real, n\u00ba 31 EN105 4780-537 Santo Tirso Contactos: 910397099 e 914209331&nbsp; hjlcar@hotmail.com<\/p>\n","protected":false},"author":1,"featured_media":113,"parent":0,"menu_order":0,"comment_status":"closed","ping_status":"closed","template":"","meta":{"footnotes":""},"class_list":["post-112","page","type-page","status-publish","has-post-thumbnail","hentry"],"_links":{"self":[{"href":"https:\/\/hjlcar.com\/hjl\/wp-json\/wp\/v2\/pages\/112","targetHints":{"allow":["GET"]}}],"collection":[{"href":"https:\/\/hjlcar.com\/hjl\/wp-json\/wp\/v2\/pages"}],"about":[{"href":"https:\/\/hjlcar.com\/hjl\/wp-json\/wp\/v2\/types\/page"}],"author":[{"embeddable":true,"href":"https:\/\/hjlcar.com\/hjl\/wp-json\/wp\/v2\/users\/1"}],"replies":[{"embeddable":true,"href":"https:\/\/hjlcar.com\/hjl\/wp-json\/wp\/v2\/comments?post=112"}],"version-history":[{"count":16,"href":"https:\/\/hjlcar.com\/hjl\/wp-json\/wp\/v2\/pages\/112\/revisions"}],"predecessor-version":[{"id":4187,"href":"https:\/\/hjlcar.com\/hjl\/wp-json\/wp\/v2\/pages\/112\/revisions\/4187"}],"wp:featuredmedia":[{"embeddable":true,"href":"https:\/\/hjlcar.com\/hjl\/wp-json\/wp\/v2\/media\/113"}],"wp:attachment":[{"href":"https:\/\/hjlcar.com\/hjl\/wp-json\/wp\/v2\/media?parent=112"}],"curies":[{"name":"wp","href":"https:\/\/api.w.org\/{rel}","templated":true}]}}